{"id":15,"date":"2025-06-24T14:34:58","date_gmt":"2025-06-24T12:34:58","guid":{"rendered":"https:\/\/inmotoveritas-store.com\/mon-compte\/"},"modified":"2025-07-03T16:15:41","modified_gmt":"2025-07-03T14:15:41","slug":"mon-compte","status":"publish","type":"page","link":"https:\/\/inmotoveritas-store.com\/en\/mon-compte\/","title":{"rendered":"My account"},"content":{"rendered":"<div data-elementor-type=\"wp-page\" data-elementor-id=\"15\" class=\"elementor elementor-15\" data-elementor-post-type=\"page\">\n\t\t\t\t\t\t<section class=\"elementor-section elementor-top-section elementor-element elementor-element-3266517 elementor-section-boxed elementor-section-height-default elementor-section-height-default\" data-id=\"3266517\" data-element_type=\"section\" data-e-type=\"section\" data-settings=\"{&quot;background_background&quot;:&quot;classic&quot;}\">\n\t\t\t\t\t\t<div class=\"elementor-container elementor-column-gap-wider\">\n\t\t\t\t\t<div class=\"elementor-column elementor-col-100 elementor-top-column elementor-element elementor-element-e9c7c62\" data-id=\"e9c7c62\" data-element_type=\"column\" data-e-type=\"column\">\n\t\t\t<div class=\"elementor-widget-wrap elementor-element-populated\">\n\t\t\t\t\t\t<div class=\"elementor-element elementor-element-cc6d207 e-my-account-tabs-horizontal elementor-widget elementor-widget-woocommerce-my-account\" data-id=\"cc6d207\" data-element_type=\"widget\" data-e-type=\"widget\" data-widget_type=\"woocommerce-my-account.default\">\n\t\t\t\t\t<div class=\"e-my-account-tab e-my-account-tab__\">\t\t\t<div class=\"woocommerce\"><\/div>\t\t<\/div>\n\t\t\t\t\t\t<\/div>\n\t\t\t\t\t<\/div>\n\t\t<\/div>\n\t\t\t\t\t<\/div>\n\t\t<\/section>\n\t\t\t\t<\/div>","protected":false},"excerpt":{"rendered":"<p>Dashboard Commandes T\u00e9l\u00e9chargements Adresses Payment methods D\u00e9tails D\u00e9connexion Dashboard Commandes T\u00e9l\u00e9chargements Adresses Payment methods D\u00e9tails D\u00e9connexion Dashboard Commandes T\u00e9l\u00e9chargements Adresses Payment methods D\u00e9tails D\u00e9connexion Dashboard Commandes T\u00e9l\u00e9chargements Adresses Payment methods D\u00e9tails D\u00e9connexion Hello Thomas (not Thomas? Log out) From your account dashboard you can view your recent orders, manage your shipping and billing addresses, and [&hellip;]<\/p>\n","protected":false},"author":1,"featured_media":0,"parent":0,"menu_order":0,"comment_status":"closed","ping_status":"closed","template":"","meta":{"iawp_total_views":289,"footnotes":""},"class_list":["post-15","page","type-page","status-publish","hentry"],"yoast_head":"<!-- This site is optimized with the Yoast SEO plugin v27.4 - https:\/\/yoast.com\/product\/yoast-seo-wordpress\/ -->\n<title>Mon compte - In Moto Veritas<\/title>\n<meta name=\"robots\" content=\"noindex, follow\" \/>\n<meta property=\"og:locale\" content=\"en_US\" \/>\n<meta property=\"og:type\" content=\"article\" \/>\n<meta property=\"og:title\" content=\"Mon compte - In Moto Veritas\" \/>\n<meta property=\"og:description\" content=\"Dashboard Commandes T\u00e9l\u00e9chargements Adresses Payment methods D\u00e9tails D\u00e9connexion Dashboard Commandes T\u00e9l\u00e9chargements Adresses Payment methods D\u00e9tails D\u00e9connexion Dashboard Commandes T\u00e9l\u00e9chargements Adresses Payment methods D\u00e9tails D\u00e9connexion Dashboard Commandes T\u00e9l\u00e9chargements Adresses Payment methods D\u00e9tails D\u00e9connexion Hello Thomas (not Thomas? Log out) From your account dashboard you can view your recent orders, manage your shipping and billing addresses, and [&hellip;]\" \/>\n<meta property=\"og:url\" content=\"https:\/\/inmotoveritas-store.com\/en\/mon-compte\/\" \/>\n<meta property=\"og:site_name\" content=\"In Moto Veritas\" \/>\n<meta property=\"article:modified_time\" content=\"2025-07-03T14:15:41+00:00\" \/>\n<meta name=\"twitter:card\" content=\"summary_large_image\" \/>\n<script type=\"application\/ld+json\" class=\"yoast-schema-graph\">{\"@context\":\"https:\\\/\\\/schema.org\",\"@graph\":[{\"@type\":\"WebPage\",\"@id\":\"https:\\\/\\\/inmotoveritas-store.com\\\/mon-compte\\\/\",\"url\":\"https:\\\/\\\/inmotoveritas-store.com\\\/mon-compte\\\/\",\"name\":\"Mon compte - In Moto Veritas\",\"isPartOf\":{\"@id\":\"https:\\\/\\\/inmotoveritas-store.com\\\/#website\"},\"datePublished\":\"2025-06-24T12:34:58+00:00\",\"dateModified\":\"2025-07-03T14:15:41+00:00\",\"breadcrumb\":{\"@id\":\"https:\\\/\\\/inmotoveritas-store.com\\\/mon-compte\\\/#breadcrumb\"},\"inLanguage\":\"en-US\",\"potentialAction\":[{\"@type\":\"ReadAction\",\"target\":[\"https:\\\/\\\/inmotoveritas-store.com\\\/mon-compte\\\/\"]}]},{\"@type\":\"BreadcrumbList\",\"@id\":\"https:\\\/\\\/inmotoveritas-store.com\\\/mon-compte\\\/#breadcrumb\",\"itemListElement\":[{\"@type\":\"ListItem\",\"position\":1,\"name\":\"Home\",\"item\":\"https:\\\/\\\/inmotoveritas-store.com\\\/\"},{\"@type\":\"ListItem\",\"position\":2,\"name\":\"Mon compte\"}]},{\"@type\":\"WebSite\",\"@id\":\"https:\\\/\\\/inmotoveritas-store.com\\\/#website\",\"url\":\"https:\\\/\\\/inmotoveritas-store.com\\\/\",\"name\":\"In Moto Veritas\",\"description\":\"\",\"potentialAction\":[{\"@type\":\"SearchAction\",\"target\":{\"@type\":\"EntryPoint\",\"urlTemplate\":\"https:\\\/\\\/inmotoveritas-store.com\\\/?s={search_term_string}\"},\"query-input\":{\"@type\":\"PropertyValueSpecification\",\"valueRequired\":true,\"valueName\":\"search_term_string\"}}],\"inLanguage\":\"en-US\"}]}<\/script>\n<!-- \/ Yoast SEO plugin. -->","yoast_head_json":{"title":"Mon compte - In Moto Veritas","robots":{"index":"noindex","follow":"follow"},"og_locale":"en_US","og_type":"article","og_title":"Mon compte - In Moto Veritas","og_description":"Dashboard Commandes T\u00e9l\u00e9chargements Adresses Payment methods D\u00e9tails D\u00e9connexion Dashboard Commandes T\u00e9l\u00e9chargements Adresses Payment methods D\u00e9tails D\u00e9connexion Dashboard Commandes T\u00e9l\u00e9chargements Adresses Payment methods D\u00e9tails D\u00e9connexion Dashboard Commandes T\u00e9l\u00e9chargements Adresses Payment methods D\u00e9tails D\u00e9connexion Hello Thomas (not Thomas? Log out) From your account dashboard you can view your recent orders, manage your shipping and billing addresses, and [&hellip;]","og_url":"https:\/\/inmotoveritas-store.com\/en\/mon-compte\/","og_site_name":"In Moto Veritas","article_modified_time":"2025-07-03T14:15:41+00:00","twitter_card":"summary_large_image","schema":{"@context":"https:\/\/schema.org","@graph":[{"@type":"WebPage","@id":"https:\/\/inmotoveritas-store.com\/mon-compte\/","url":"https:\/\/inmotoveritas-store.com\/mon-compte\/","name":"Mon compte - In Moto Veritas","isPartOf":{"@id":"https:\/\/inmotoveritas-store.com\/#website"},"datePublished":"2025-06-24T12:34:58+00:00","dateModified":"2025-07-03T14:15:41+00:00","breadcrumb":{"@id":"https:\/\/inmotoveritas-store.com\/mon-compte\/#breadcrumb"},"inLanguage":"en-US","potentialAction":[{"@type":"ReadAction","target":["https:\/\/inmotoveritas-store.com\/mon-compte\/"]}]},{"@type":"BreadcrumbList","@id":"https:\/\/inmotoveritas-store.com\/mon-compte\/#breadcrumb","itemListElement":[{"@type":"ListItem","position":1,"name":"Home","item":"https:\/\/inmotoveritas-store.com\/"},{"@type":"ListItem","position":2,"name":"Mon compte"}]},{"@type":"WebSite","@id":"https:\/\/inmotoveritas-store.com\/#website","url":"https:\/\/inmotoveritas-store.com\/","name":"In Moto Veritas","description":"","potentialAction":[{"@type":"SearchAction","target":{"@type":"EntryPoint","urlTemplate":"https:\/\/inmotoveritas-store.com\/?s={search_term_string}"},"query-input":{"@type":"PropertyValueSpecification","valueRequired":true,"valueName":"search_term_string"}}],"inLanguage":"en-US"}]}},"_links":{"self":[{"href":"https:\/\/inmotoveritas-store.com\/en\/wp-json\/wp\/v2\/pages\/15","targetHints":{"allow":["GET"]}}],"collection":[{"href":"https:\/\/inmotoveritas-store.com\/en\/wp-json\/wp\/v2\/pages"}],"about":[{"href":"https:\/\/inmotoveritas-store.com\/en\/wp-json\/wp\/v2\/types\/page"}],"author":[{"embeddable":true,"href":"https:\/\/inmotoveritas-store.com\/en\/wp-json\/wp\/v2\/users\/1"}],"replies":[{"embeddable":true,"href":"https:\/\/inmotoveritas-store.com\/en\/wp-json\/wp\/v2\/comments?post=15"}],"version-history":[{"count":48,"href":"https:\/\/inmotoveritas-store.com\/en\/wp-json\/wp\/v2\/pages\/15\/revisions"}],"predecessor-version":[{"id":893,"href":"https:\/\/inmotoveritas-store.com\/en\/wp-json\/wp\/v2\/pages\/15\/revisions\/893"}],"wp:attachment":[{"href":"https:\/\/inmotoveritas-store.com\/en\/wp-json\/wp\/v2\/media?parent=15"}],"curies":[{"name":"wp","href":"https:\/\/api.w.org\/{rel}","templated":true}]}}