{"id":38,"date":"2025-06-24T15:09:03","date_gmt":"2025-06-24T13:09:03","guid":{"rendered":"https:\/\/inmotoveritas-store.com\/?page_id=38"},"modified":"2025-07-04T11:41:25","modified_gmt":"2025-07-04T09:41:25","slug":"politique-de-confidentialite","status":"publish","type":"page","link":"https:\/\/inmotoveritas-store.com\/en\/politique-de-confidentialite\/","title":{"rendered":"Privacy policy"},"content":{"rendered":"<div data-elementor-type=\"wp-page\" data-elementor-id=\"38\" class=\"elementor elementor-38\" data-elementor-post-type=\"page\">\n\t\t\t\t\t\t<section class=\"elementor-section elementor-top-section elementor-element elementor-element-46dfbc62 elementor-section-boxed elementor-section-height-default elementor-section-height-default\" data-id=\"46dfbc62\" data-element_type=\"section\" data-e-type=\"section\">\n\t\t\t\t\t\t<div class=\"elementor-container elementor-column-gap-wider\">\n\t\t\t\t\t<div class=\"elementor-column elementor-col-100 elementor-top-column elementor-element elementor-element-2ed2b80\" data-id=\"2ed2b80\" data-element_type=\"column\" data-e-type=\"column\">\n\t\t\t<div class=\"elementor-widget-wrap elementor-element-populated\">\n\t\t\t\t\t\t<div class=\"elementor-element elementor-element-76607c14 elementor-widget elementor-widget-text-editor\" data-id=\"76607c14\" data-element_type=\"widget\" data-e-type=\"widget\" data-widget_type=\"text-editor.default\">\n\t\t\t\t\t\t\t\t\tLa pr\u00e9sente politique des donn\u00e9es \u00e0 caract\u00e8re personnel expose la mani\u00e8re dont la SAS KULT EDITIONS collecte et traite des donn\u00e9es personnelles vous concernant dans le cadre de votre navigation sur le site inmotoveritas-store.com\r\n\r\nLa SAS KULT EDITIONS s\u2019engage \u00e0 ce que la collecte et le traitement de vos donn\u00e9es soient conformes au R\u00e8glement europ\u00e9en 2016\/679 du 27\/04\/2016 relatif \u00e0 la protection des donn\u00e9es personnelles et \u00e0 la Loi Informatique et Libert\u00e9s du 06\/01\/1978 modifi\u00e9e le 20\/06\/2018.\r\n<h3>1. Le responsable de traitement<\/h3>\r\nLa SAS KULT EDITIONS, inscrite au Registre du Commerce et des Soci\u00e9t\u00e9s de Clermont-Ferrand sous le n\u00b0 987 697 398 00012 dont le si\u00e8ge social est \u00e0 ROYAT 29 AVENUE ANTOINE PHELUT 63130 ROYAT, repr\u00e9sent\u00e9e par son Pr\u00e9sident en exercice.\r\n<h3>2. Les donn\u00e9es personnelles collect\u00e9es<\/h3>\r\nLes donn\u00e9es collect\u00e9es sont des donn\u00e9es d\u2019identification, des donn\u00e9es concernant la vie professionnelle et des donn\u00e9es de connexion. Plus pr\u00e9cis\u00e9ment :\r\n\u2022 L\u2019adresse IP et\/ou MAC de votre terminal, le type de votre terminal, la version de votre logiciel de navigation ;\r\n\u2022 Dans le formulaire de contact : nom, adresse \u00e9lectronique ;\r\nDans le formulaire de contact, les personnes concern\u00e9es indiquent le sujet et d\u00e9taillent leurs demandes.\r\nLe recueil de ces donn\u00e9es personnelles est obligatoire au vu de l\u2019objectif poursuivi ; seules les donn\u00e9es \u00e0 caract\u00e8re personnel indispensables \u00e0 la finalit\u00e9 du traitement sont collect\u00e9es.\r\n<h3>3. Les finalit\u00e9s de traitement<\/h3>\r\nLes donn\u00e9es \u00e0 caract\u00e8re personnel ne sont recueillies et trait\u00e9es qu\u2019aux seules fins mentionn\u00e9es ci-dessous :\r\n\u2022 Permettre le bon affichage du site internet sur votre terminal ;\r\n\u2022 Recevoir et traiter votre demande.\r\n<h3>4. La dur\u00e9e de conservation des donn\u00e9es personnelles<\/h3>\r\nDonn\u00e9es personnelles relatives au formulaire : 3 ans \u00e0 compter de la collecte des donn\u00e9es ou du dernier contact \u00e9manant du demandeur.\r\nDonn\u00e9es de navigation sur le site : 13 mois.\r\n<h3>5. Les destinataires de donn\u00e9es personnelles<\/h3>\r\nLes donn\u00e9es collect\u00e9es ne sont accessibles qu\u2019au personnel habilit\u00e9 de la SAS KULT EDITIONS qui s\u2019engage \u00e0 respecter la r\u00e8glementation concernant les modalit\u00e9s de traitement des donn\u00e9es personnelles auxquelles il a acc\u00e8s.\r\nTous les membres du personnel sont soumis \u00e0 un engagement de confidentialit\u00e9 couvrant l\u2019ensemble des activit\u00e9s r\u00e9alis\u00e9es.\r\nAucun transfert de donn\u00e9e \u00e0 caract\u00e8re personnel hors de l\u2019Union europ\u00e9enne n\u2019est effectu\u00e9 par le responsable de traitement.\r\n<h3>6. Vos droits<\/h3>\r\nVous disposez d\u2019un droit d\u2019acc\u00e8s, de rectification, et d\u2019effacement (dans le respect des obligations l\u00e9gales) et de portabilit\u00e9 de vos donn\u00e9es \u00e0 caract\u00e8re personnel.\r\nVous b\u00e9n\u00e9ficiez \u00e9galement d\u2019un droit d\u2019opposition et de limitation au traitement de vos donn\u00e9es \u00e0 caract\u00e8re personnel.\r\nVous pouvez indiquer des directives relatives au traitement de vos donn\u00e9es \u00e0 caract\u00e8re personnel apr\u00e8s votre d\u00e9c\u00e8s.\r\nPour les traitements ayant pour fondement l\u00e9gal votre consentement, vous disposez du droit de retirer ce consentement \u00e0 tout moment, sans avoir \u00e0 en justifier.\r\n<h3>7. L\u2019exercice de vos droits<\/h3>\r\nToute demande ainsi que toute question relative \u00e0 la pr\u00e9sente politique doit \u00eatre adress\u00e9e au responsable de traitement par :\r\nEmail : cbonicel@icloud.com\r\nCourrier : SAS KULT EDITIONS 29 AVENUE ANTOINE PHELUT 63130 ROYAT\r\n<h3>8. L\u2019autorit\u00e9 de contr\u00f4le<\/h3>\r\nL\u2019autorit\u00e9 de contr\u00f4le d\u00e9sign\u00e9e par la loi fran\u00e7aise est la Commission Nationale Informatique et Libert\u00e9s que vous pouvez saisir en cas de litige dans l\u2019exercice de vos droits ou si vous pensez que votre r\u00e9clamation concerne un manquement \u00e0 la r\u00e8glementation. Vous trouverez les modalit\u00e9s de cette saisie sur le site internet de la CNIL www.cnil.fr\r\n\r\n&nbsp;\t\t\t\t\t\t\t\t<\/div>\n\t\t\t\t\t<\/div>\n\t\t<\/div>\n\t\t\t\t\t<\/div>\n\t\t<\/section>\n\t\t\t\t<\/div>","protected":false},"excerpt":{"rendered":"<p>La pr\u00e9sente politique des donn\u00e9es \u00e0 caract\u00e8re personnel expose la mani\u00e8re dont la SAS KULT EDITIONS collecte et traite des donn\u00e9es personnelles vous concernant dans le cadre de votre navigation sur le site inmotoveritas-store.com La SAS KULT EDITIONS s\u2019engage \u00e0 ce que la collecte et le traitement de vos donn\u00e9es soient conformes au R\u00e8glement europ\u00e9en [&hellip;]<\/p>\n","protected":false},"author":1,"featured_media":0,"parent":0,"menu_order":0,"comment_status":"closed","ping_status":"closed","template":"","meta":{"iawp_total_views":15,"footnotes":""},"class_list":["post-38","page","type-page","status-publish","hentry"],"yoast_head":"<!-- This site is optimized with the Yoast SEO plugin v27.4 - https:\/\/yoast.com\/product\/yoast-seo-wordpress\/ -->\n<title>Politique de confidentialit\u00e9 - In Moto Veritas<\/title>\n<meta name=\"robots\" content=\"noindex, follow\" \/>\n<meta property=\"og:locale\" content=\"en_US\" \/>\n<meta property=\"og:type\" content=\"article\" \/>\n<meta property=\"og:title\" content=\"Politique de confidentialit\u00e9 - In Moto Veritas\" \/>\n<meta property=\"og:description\" content=\"La pr\u00e9sente politique des donn\u00e9es \u00e0 caract\u00e8re personnel expose la mani\u00e8re dont la SAS KULT EDITIONS collecte et traite des donn\u00e9es personnelles vous concernant dans le cadre de votre navigation sur le site inmotoveritas-store.com La SAS KULT EDITIONS s\u2019engage \u00e0 ce que la collecte et le traitement de vos donn\u00e9es soient conformes au R\u00e8glement europ\u00e9en [&hellip;]\" \/>\n<meta property=\"og:url\" content=\"https:\/\/inmotoveritas-store.com\/en\/politique-de-confidentialite\/\" \/>\n<meta property=\"og:site_name\" content=\"In Moto Veritas\" \/>\n<meta property=\"article:modified_time\" content=\"2025-07-04T09:41:25+00:00\" \/>\n<meta name=\"twitter:card\" content=\"summary_large_image\" \/>\n<script type=\"application\/ld+json\" class=\"yoast-schema-graph\">{\"@context\":\"https:\\\/\\\/schema.org\",\"@graph\":[{\"@type\":\"WebPage\",\"@id\":\"https:\\\/\\\/inmotoveritas-store.com\\\/politique-de-confidentialite\\\/\",\"url\":\"https:\\\/\\\/inmotoveritas-store.com\\\/politique-de-confidentialite\\\/\",\"name\":\"Politique de confidentialit\u00e9 - In Moto Veritas\",\"isPartOf\":{\"@id\":\"https:\\\/\\\/inmotoveritas-store.com\\\/#website\"},\"datePublished\":\"2025-06-24T13:09:03+00:00\",\"dateModified\":\"2025-07-04T09:41:25+00:00\",\"breadcrumb\":{\"@id\":\"https:\\\/\\\/inmotoveritas-store.com\\\/politique-de-confidentialite\\\/#breadcrumb\"},\"inLanguage\":\"en-US\",\"potentialAction\":[{\"@type\":\"ReadAction\",\"target\":[\"https:\\\/\\\/inmotoveritas-store.com\\\/politique-de-confidentialite\\\/\"]}]},{\"@type\":\"BreadcrumbList\",\"@id\":\"https:\\\/\\\/inmotoveritas-store.com\\\/politique-de-confidentialite\\\/#breadcrumb\",\"itemListElement\":[{\"@type\":\"ListItem\",\"position\":1,\"name\":\"Home\",\"item\":\"https:\\\/\\\/inmotoveritas-store.com\\\/\"},{\"@type\":\"ListItem\",\"position\":2,\"name\":\"Politique de confidentialit\u00e9\"}]},{\"@type\":\"WebSite\",\"@id\":\"https:\\\/\\\/inmotoveritas-store.com\\\/#website\",\"url\":\"https:\\\/\\\/inmotoveritas-store.com\\\/\",\"name\":\"In Moto Veritas\",\"description\":\"\",\"potentialAction\":[{\"@type\":\"SearchAction\",\"target\":{\"@type\":\"EntryPoint\",\"urlTemplate\":\"https:\\\/\\\/inmotoveritas-store.com\\\/?s={search_term_string}\"},\"query-input\":{\"@type\":\"PropertyValueSpecification\",\"valueRequired\":true,\"valueName\":\"search_term_string\"}}],\"inLanguage\":\"en-US\"}]}<\/script>\n<!-- \/ Yoast SEO plugin. -->","yoast_head_json":{"title":"Politique de confidentialit\u00e9 - In Moto Veritas","robots":{"index":"noindex","follow":"follow"},"og_locale":"en_US","og_type":"article","og_title":"Politique de confidentialit\u00e9 - In Moto Veritas","og_description":"La pr\u00e9sente politique des donn\u00e9es \u00e0 caract\u00e8re personnel expose la mani\u00e8re dont la SAS KULT EDITIONS collecte et traite des donn\u00e9es personnelles vous concernant dans le cadre de votre navigation sur le site inmotoveritas-store.com La SAS KULT EDITIONS s\u2019engage \u00e0 ce que la collecte et le traitement de vos donn\u00e9es soient conformes au R\u00e8glement europ\u00e9en [&hellip;]","og_url":"https:\/\/inmotoveritas-store.com\/en\/politique-de-confidentialite\/","og_site_name":"In Moto Veritas","article_modified_time":"2025-07-04T09:41:25+00:00","twitter_card":"summary_large_image","schema":{"@context":"https:\/\/schema.org","@graph":[{"@type":"WebPage","@id":"https:\/\/inmotoveritas-store.com\/politique-de-confidentialite\/","url":"https:\/\/inmotoveritas-store.com\/politique-de-confidentialite\/","name":"Politique de confidentialit\u00e9 - In Moto Veritas","isPartOf":{"@id":"https:\/\/inmotoveritas-store.com\/#website"},"datePublished":"2025-06-24T13:09:03+00:00","dateModified":"2025-07-04T09:41:25+00:00","breadcrumb":{"@id":"https:\/\/inmotoveritas-store.com\/politique-de-confidentialite\/#breadcrumb"},"inLanguage":"en-US","potentialAction":[{"@type":"ReadAction","target":["https:\/\/inmotoveritas-store.com\/politique-de-confidentialite\/"]}]},{"@type":"BreadcrumbList","@id":"https:\/\/inmotoveritas-store.com\/politique-de-confidentialite\/#breadcrumb","itemListElement":[{"@type":"ListItem","position":1,"name":"Home","item":"https:\/\/inmotoveritas-store.com\/"},{"@type":"ListItem","position":2,"name":"Politique de confidentialit\u00e9"}]},{"@type":"WebSite","@id":"https:\/\/inmotoveritas-store.com\/#website","url":"https:\/\/inmotoveritas-store.com\/","name":"In Moto Veritas","description":"","potentialAction":[{"@type":"SearchAction","target":{"@type":"EntryPoint","urlTemplate":"https:\/\/inmotoveritas-store.com\/?s={search_term_string}"},"query-input":{"@type":"PropertyValueSpecification","valueRequired":true,"valueName":"search_term_string"}}],"inLanguage":"en-US"}]}},"_links":{"self":[{"href":"https:\/\/inmotoveritas-store.com\/en\/wp-json\/wp\/v2\/pages\/38","targetHints":{"allow":["GET"]}}],"collection":[{"href":"https:\/\/inmotoveritas-store.com\/en\/wp-json\/wp\/v2\/pages"}],"about":[{"href":"https:\/\/inmotoveritas-store.com\/en\/wp-json\/wp\/v2\/types\/page"}],"author":[{"embeddable":true,"href":"https:\/\/inmotoveritas-store.com\/en\/wp-json\/wp\/v2\/users\/1"}],"replies":[{"embeddable":true,"href":"https:\/\/inmotoveritas-store.com\/en\/wp-json\/wp\/v2\/comments?post=38"}],"version-history":[{"count":5,"href":"https:\/\/inmotoveritas-store.com\/en\/wp-json\/wp\/v2\/pages\/38\/revisions"}],"predecessor-version":[{"id":961,"href":"https:\/\/inmotoveritas-store.com\/en\/wp-json\/wp\/v2\/pages\/38\/revisions\/961"}],"wp:attachment":[{"href":"https:\/\/inmotoveritas-store.com\/en\/wp-json\/wp\/v2\/media?parent=38"}],"curies":[{"name":"wp","href":"https:\/\/api.w.org\/{rel}","templated":true}]}}