{"id":32,"date":"2025-06-24T14:44:32","date_gmt":"2025-06-24T12:44:32","guid":{"rendered":"https:\/\/inmotoveritas-store.com\/?post_type=product&#038;p=32"},"modified":"2025-07-04T09:19:19","modified_gmt":"2025-07-04T07:19:19","slug":"in-moto-veritas-001","status":"publish","type":"product","link":"https:\/\/inmotoveritas-store.com\/en\/product\/in-moto-veritas-001\/","title":{"rendered":"In Moto Veritas 001"},"content":{"rendered":"<p>This first annual edition, in mook format(*), is a manifesto dedicated to the passion and art of motorcycle riding. Far from clich\u00e9s and stereotypes, In Moto Veritas reveals a contemporary, lifestyle and arty vision of motorcycling. It goes without saying that motorcycling creates a space conducive to creativity and free expression. Driven by an offbeat editorial line and innovative artistic direction, this book breaks with existing codes and offers a new perspective. In its pages, motorcycling becomes in turn a symbol of freedom and a glamorous icon, a fantasy, a myth, an obsession... a religion.<\/p>\n<p>In Moto Veritas: motorcycles \u2014like wine\u2014 \u201cclarify the mind and understanding, calm anger, chase away sadness, and bring joy and jubilation\u201d (Rabelais).<\/p>","protected":false},"excerpt":{"rendered":"<p>In a world where visuals have become essential, the editorial project In Moto Veritas opens up a new space of freedom for content creation and publishing. To encourage a variety of approaches and the emergence of new talent, each of the twenty artists we have selected (photographers, illustrators, writers, etc.) illustrates only one feature in this publication. That's the rule of twenty. It took many months of research to find the best visual and editorial content and bring it all together in a single publication.<\/p>","protected":false},"featured_media":260,"template":"","meta":{"iawp_total_views":1623},"product_brand":[],"product_cat":[38],"product_tag":[],"class_list":{"0":"post-32","1":"product","2":"type-product","3":"status-publish","4":"has-post-thumbnail","6":"product_cat-mook","8":"first","9":"instock","10":"taxable","11":"shipping-taxable","12":"purchasable","13":"product-type-simple"},"yoast_head":"<!-- This site is optimized with the Yoast SEO plugin v27.4 - https:\/\/yoast.com\/product\/yoast-seo-wordpress\/ -->\n<title>In Moto Veritas 001 - In Moto Veritas<\/title>\n<meta name=\"robots\" content=\"index, follow, max-snippet:-1, max-image-preview:large, max-video-preview:-1\" \/>\n<link rel=\"canonical\" href=\"https:\/\/inmotoveritas-store.com\/en\/product\/in-moto-veritas-001\/\" \/>\n<meta property=\"og:locale\" content=\"en_US\" \/>\n<meta property=\"og:type\" content=\"article\" \/>\n<meta property=\"og:title\" content=\"In Moto Veritas 001 - In Moto Veritas\" \/>\n<meta property=\"og:description\" content=\"Dans un monde o\u00f9 le visuel est devenu incontournable, le projet \u00e9ditorial In Moto Veritas ouvre un nouvel espace de libert\u00e9 \u00e0 la cr\u00e9ation et l\u2019\u00e9dition de contenus. Pour favoriser la pluralit\u00e9 des approches et l\u2019\u00e9mergence de nouveaux talents, chacun des vingt artistes que nous avons s\u00e9lectionn\u00e9s (photographes, dessinateurs, \u00e9crivains...) n\u2019illustre qu\u2019un seul sujet dans cette publication. C\u2019est la r\u00e8gle des vingt. Il aura fallu de nombreux mois de recherche pour trouver les meilleurs contenus visuels et r\u00e9dactionnels et r\u00e9ussir \u00e0 les rassembler dans un seul ouvrage.\" \/>\n<meta property=\"og:url\" content=\"https:\/\/inmotoveritas-store.com\/en\/product\/in-moto-veritas-001\/\" \/>\n<meta property=\"og:site_name\" content=\"In Moto Veritas\" \/>\n<meta property=\"article:modified_time\" content=\"2025-07-04T07:19:19+00:00\" \/>\n<meta property=\"og:image\" content=\"https:\/\/inmotoveritas-store.com\/wp-content\/uploads\/2025\/06\/IN-MOTO-VERITAS-1.jpg\" \/>\n\t<meta property=\"og:image:width\" content=\"1200\" \/>\n\t<meta property=\"og:image:height\" content=\"1455\" \/>\n\t<meta property=\"og:image:type\" content=\"image\/jpeg\" \/>\n<meta name=\"twitter:card\" content=\"summary_large_image\" \/>\n<script type=\"application\/ld+json\" class=\"yoast-schema-graph\">{\"@context\":\"https:\\\/\\\/schema.org\",\"@graph\":[{\"@type\":\"WebPage\",\"@id\":\"https:\\\/\\\/inmotoveritas-store.com\\\/produit\\\/in-moto-veritas-001\\\/\",\"url\":\"https:\\\/\\\/inmotoveritas-store.com\\\/produit\\\/in-moto-veritas-001\\\/\",\"name\":\"In Moto Veritas 001 - In Moto Veritas\",\"isPartOf\":{\"@id\":\"https:\\\/\\\/inmotoveritas-store.com\\\/#website\"},\"primaryImageOfPage\":{\"@id\":\"https:\\\/\\\/inmotoveritas-store.com\\\/produit\\\/in-moto-veritas-001\\\/#primaryimage\"},\"image\":{\"@id\":\"https:\\\/\\\/inmotoveritas-store.com\\\/produit\\\/in-moto-veritas-001\\\/#primaryimage\"},\"thumbnailUrl\":\"https:\\\/\\\/inmotoveritas-store.com\\\/wp-content\\\/uploads\\\/2025\\\/06\\\/IN-MOTO-VERITAS-1.jpg\",\"datePublished\":\"2025-06-24T12:44:32+00:00\",\"dateModified\":\"2025-07-04T07:19:19+00:00\",\"breadcrumb\":{\"@id\":\"https:\\\/\\\/inmotoveritas-store.com\\\/produit\\\/in-moto-veritas-001\\\/#breadcrumb\"},\"inLanguage\":\"en-US\",\"potentialAction\":[{\"@type\":\"ReadAction\",\"target\":[\"https:\\\/\\\/inmotoveritas-store.com\\\/produit\\\/in-moto-veritas-001\\\/\"]}]},{\"@type\":\"ImageObject\",\"inLanguage\":\"en-US\",\"@id\":\"https:\\\/\\\/inmotoveritas-store.com\\\/produit\\\/in-moto-veritas-001\\\/#primaryimage\",\"url\":\"https:\\\/\\\/inmotoveritas-store.com\\\/wp-content\\\/uploads\\\/2025\\\/06\\\/IN-MOTO-VERITAS-1.jpg\",\"contentUrl\":\"https:\\\/\\\/inmotoveritas-store.com\\\/wp-content\\\/uploads\\\/2025\\\/06\\\/IN-MOTO-VERITAS-1.jpg\",\"width\":1200,\"height\":1455},{\"@type\":\"BreadcrumbList\",\"@id\":\"https:\\\/\\\/inmotoveritas-store.com\\\/produit\\\/in-moto-veritas-001\\\/#breadcrumb\",\"itemListElement\":[{\"@type\":\"ListItem\",\"position\":1,\"name\":\"Home\",\"item\":\"https:\\\/\\\/inmotoveritas-store.com\\\/\"},{\"@type\":\"ListItem\",\"position\":2,\"name\":\"Boutique\",\"item\":\"https:\\\/\\\/inmotoveritas-store.com\\\/boutique\\\/\"},{\"@type\":\"ListItem\",\"position\":3,\"name\":\"In Moto Veritas 001\"}]},{\"@type\":\"WebSite\",\"@id\":\"https:\\\/\\\/inmotoveritas-store.com\\\/#website\",\"url\":\"https:\\\/\\\/inmotoveritas-store.com\\\/\",\"name\":\"In Moto Veritas\",\"description\":\"\",\"potentialAction\":[{\"@type\":\"SearchAction\",\"target\":{\"@type\":\"EntryPoint\",\"urlTemplate\":\"https:\\\/\\\/inmotoveritas-store.com\\\/?s={search_term_string}\"},\"query-input\":{\"@type\":\"PropertyValueSpecification\",\"valueRequired\":true,\"valueName\":\"search_term_string\"}}],\"inLanguage\":\"en-US\"}]}<\/script>\n<!-- \/ Yoast SEO plugin. -->","yoast_head_json":{"title":"In Moto Veritas 001 - In Moto Veritas","robots":{"index":"index","follow":"follow","max-snippet":"max-snippet:-1","max-image-preview":"max-image-preview:large","max-video-preview":"max-video-preview:-1"},"canonical":"https:\/\/inmotoveritas-store.com\/en\/product\/in-moto-veritas-001\/","og_locale":"en_US","og_type":"article","og_title":"In Moto Veritas 001 - In Moto Veritas","og_description":"Dans un monde o\u00f9 le visuel est devenu incontournable, le projet \u00e9ditorial In Moto Veritas ouvre un nouvel espace de libert\u00e9 \u00e0 la cr\u00e9ation et l\u2019\u00e9dition de contenus. Pour favoriser la pluralit\u00e9 des approches et l\u2019\u00e9mergence de nouveaux talents, chacun des vingt artistes que nous avons s\u00e9lectionn\u00e9s (photographes, dessinateurs, \u00e9crivains...) n\u2019illustre qu\u2019un seul sujet dans cette publication. C\u2019est la r\u00e8gle des vingt. Il aura fallu de nombreux mois de recherche pour trouver les meilleurs contenus visuels et r\u00e9dactionnels et r\u00e9ussir \u00e0 les rassembler dans un seul ouvrage.","og_url":"https:\/\/inmotoveritas-store.com\/en\/product\/in-moto-veritas-001\/","og_site_name":"In Moto Veritas","article_modified_time":"2025-07-04T07:19:19+00:00","og_image":[{"width":1200,"height":1455,"url":"https:\/\/inmotoveritas-store.com\/wp-content\/uploads\/2025\/06\/IN-MOTO-VERITAS-1.jpg","type":"image\/jpeg"}],"twitter_card":"summary_large_image","schema":{"@context":"https:\/\/schema.org","@graph":[{"@type":"WebPage","@id":"https:\/\/inmotoveritas-store.com\/produit\/in-moto-veritas-001\/","url":"https:\/\/inmotoveritas-store.com\/produit\/in-moto-veritas-001\/","name":"In Moto Veritas 001 - In Moto Veritas","isPartOf":{"@id":"https:\/\/inmotoveritas-store.com\/#website"},"primaryImageOfPage":{"@id":"https:\/\/inmotoveritas-store.com\/produit\/in-moto-veritas-001\/#primaryimage"},"image":{"@id":"https:\/\/inmotoveritas-store.com\/produit\/in-moto-veritas-001\/#primaryimage"},"thumbnailUrl":"https:\/\/inmotoveritas-store.com\/wp-content\/uploads\/2025\/06\/IN-MOTO-VERITAS-1.jpg","datePublished":"2025-06-24T12:44:32+00:00","dateModified":"2025-07-04T07:19:19+00:00","breadcrumb":{"@id":"https:\/\/inmotoveritas-store.com\/produit\/in-moto-veritas-001\/#breadcrumb"},"inLanguage":"en-US","potentialAction":[{"@type":"ReadAction","target":["https:\/\/inmotoveritas-store.com\/produit\/in-moto-veritas-001\/"]}]},{"@type":"ImageObject","inLanguage":"en-US","@id":"https:\/\/inmotoveritas-store.com\/produit\/in-moto-veritas-001\/#primaryimage","url":"https:\/\/inmotoveritas-store.com\/wp-content\/uploads\/2025\/06\/IN-MOTO-VERITAS-1.jpg","contentUrl":"https:\/\/inmotoveritas-store.com\/wp-content\/uploads\/2025\/06\/IN-MOTO-VERITAS-1.jpg","width":1200,"height":1455},{"@type":"BreadcrumbList","@id":"https:\/\/inmotoveritas-store.com\/produit\/in-moto-veritas-001\/#breadcrumb","itemListElement":[{"@type":"ListItem","position":1,"name":"Home","item":"https:\/\/inmotoveritas-store.com\/"},{"@type":"ListItem","position":2,"name":"Boutique","item":"https:\/\/inmotoveritas-store.com\/boutique\/"},{"@type":"ListItem","position":3,"name":"In Moto Veritas 001"}]},{"@type":"WebSite","@id":"https:\/\/inmotoveritas-store.com\/#website","url":"https:\/\/inmotoveritas-store.com\/","name":"In Moto Veritas","description":"","potentialAction":[{"@type":"SearchAction","target":{"@type":"EntryPoint","urlTemplate":"https:\/\/inmotoveritas-store.com\/?s={search_term_string}"},"query-input":{"@type":"PropertyValueSpecification","valueRequired":true,"valueName":"search_term_string"}}],"inLanguage":"en-US"}]}},"_links":{"self":[{"href":"https:\/\/inmotoveritas-store.com\/en\/wp-json\/wp\/v2\/product\/32","targetHints":{"allow":["GET"]}}],"collection":[{"href":"https:\/\/inmotoveritas-store.com\/en\/wp-json\/wp\/v2\/product"}],"about":[{"href":"https:\/\/inmotoveritas-store.com\/en\/wp-json\/wp\/v2\/types\/product"}],"wp:featuredmedia":[{"embeddable":true,"href":"https:\/\/inmotoveritas-store.com\/en\/wp-json\/wp\/v2\/media\/260"}],"wp:attachment":[{"href":"https:\/\/inmotoveritas-store.com\/en\/wp-json\/wp\/v2\/media?parent=32"}],"wp:term":[{"taxonomy":"product_brand","embeddable":true,"href":"https:\/\/inmotoveritas-store.com\/en\/wp-json\/wp\/v2\/product_brand?post=32"},{"taxonomy":"product_cat","embeddable":true,"href":"https:\/\/inmotoveritas-store.com\/en\/wp-json\/wp\/v2\/product_cat?post=32"},{"taxonomy":"product_tag","embeddable":true,"href":"https:\/\/inmotoveritas-store.com\/en\/wp-json\/wp\/v2\/product_tag?post=32"}],"curies":[{"name":"wp","href":"https:\/\/api.w.org\/{rel}","templated":true}]}}